{"id":3400,"date":"2026-05-08T17:14:17","date_gmt":"2026-05-08T17:14:17","guid":{"rendered":"https:\/\/rypsa.com\/?page_id=3400"},"modified":"2026-05-08T17:16:08","modified_gmt":"2026-05-08T17:16:08","slug":"blogs","status":"publish","type":"page","link":"https:\/\/rypsa.com\/en\/blogs\/","title":{"rendered":"blogs"},"content":{"rendered":"<div data-elementor-type=\"wp-page\" data-elementor-id=\"3400\" class=\"elementor elementor-3400\" data-elementor-post-type=\"page\">\n\t\t\t\t\t\t<section class=\"elementor-section elementor-top-section elementor-element elementor-element-3a1a50a elementor-section-boxed elementor-section-height-default elementor-section-height-default wpr-particle-no wpr-jarallax-no wpr-parallax-no wpr-sticky-section-no wpr-equal-height-no elementor-invisible\" data-id=\"3a1a50a\" data-element_type=\"section\" data-e-type=\"section\" data-settings=\"{&quot;background_background&quot;:&quot;classic&quot;,&quot;animation&quot;:&quot;fadeIn&quot;}\">\n\t\t\t\t\t\t\t<div class=\"elementor-background-overlay\"><\/div>\n\t\t\t\t\t\t\t<div class=\"elementor-container elementor-column-gap-default\">\n\t\t\t\t\t<div class=\"elementor-column elementor-col-100 elementor-top-column elementor-element elementor-element-a7f474c\" data-id=\"a7f474c\" data-element_type=\"column\" data-e-type=\"column\">\n\t\t\t<div class=\"elementor-widget-wrap elementor-element-populated\">\n\t\t\t\t\t\t<div class=\"elementor-element elementor-element-c4465df animated-fast elementor-invisible elementor-widget elementor-widget-heading\" data-id=\"c4465df\" data-element_type=\"widget\" data-e-type=\"widget\" data-settings=\"{&quot;_animation&quot;:&quot;fadeInLeft&quot;}\" data-widget_type=\"heading.default\">\n\t\t\t\t\t<h1 class=\"elementor-heading-title elementor-size-default\">Blogs<\/h1>\t\t\t\t<\/div>\n\t\t\t\t\t<\/div>\n\t\t<\/div>\n\t\t\t\t\t<\/div>\n\t\t<\/section>\n\t\t\t\t<section class=\"elementor-section elementor-top-section elementor-element elementor-element-88993ec elementor-section-boxed elementor-section-height-default elementor-section-height-default wpr-particle-no wpr-jarallax-no wpr-parallax-no wpr-sticky-section-no wpr-equal-height-no\" data-id=\"88993ec\" data-element_type=\"section\" data-e-type=\"section\" data-settings=\"{&quot;shape_divider_top&quot;:&quot;curve-asymmetrical&quot;,&quot;shape_divider_top_negative&quot;:&quot;yes&quot;}\">\n\t\t\t\t\t<div class=\"elementor-shape elementor-shape-top\" aria-hidden=\"true\" data-negative=\"true\">\n\t\t\t<svg xmlns=\"http:\/\/www.w3.org\/2000\/svg\" viewbox=\"0 0 1000 100\" preserveaspectratio=\"none\">\n\t<path class=\"elementor-shape-fill\" d=\"M615.2,96.7C240.2,97.8,0,18.9,0,0v100h1000V0C1000,19.2,989.8,96,615.2,96.7z\"\/>\n<\/svg>\t\t<\/div>\n\t\t\t\t\t<div class=\"elementor-container elementor-column-gap-default\">\n\t\t\t\t\t<div class=\"elementor-column elementor-col-100 elementor-top-column elementor-element elementor-element-664ec1e\" data-id=\"664ec1e\" data-element_type=\"column\" data-e-type=\"column\">\n\t\t\t<div class=\"elementor-widget-wrap elementor-element-populated\">\n\t\t\t\t\t\t<div class=\"elementor-element elementor-element-949a95f elementor-posts--align-left elementor-widget__width-initial elementor-posts--thumbnail-none elementor-grid-3 elementor-grid-tablet-2 elementor-grid-mobile-1 elementor-card-shadow-yes elementor-posts__hover-gradient elementor-widget elementor-widget-posts\" data-id=\"949a95f\" data-element_type=\"widget\" data-e-type=\"widget\" data-settings=\"{&quot;cards_row_gap&quot;:{&quot;unit&quot;:&quot;px&quot;,&quot;size&quot;:38,&quot;sizes&quot;:[]},&quot;cards_columns&quot;:&quot;3&quot;,&quot;cards_columns_tablet&quot;:&quot;2&quot;,&quot;cards_columns_mobile&quot;:&quot;1&quot;,&quot;cards_row_gap_tablet&quot;:{&quot;unit&quot;:&quot;px&quot;,&quot;size&quot;:&quot;&quot;,&quot;sizes&quot;:[]},&quot;cards_row_gap_mobile&quot;:{&quot;unit&quot;:&quot;px&quot;,&quot;size&quot;:&quot;&quot;,&quot;sizes&quot;:[]}}\" data-widget_type=\"posts.cards\">\n\t\t\t\t<div class=\"elementor-widget-container\">\n\t\t\t\t\t\t\t<div class=\"elementor-posts-container elementor-posts elementor-posts--skin-cards elementor-grid\" role=\"list\">\n\t\t\t\t<article class=\"elementor-post elementor-grid-item post-3393 post type-post status-publish format-standard hentry category-uncategorized\" role=\"listitem\">\n\t\t\t<div class=\"elementor-post__card\">\n\t\t\t\t<div class=\"elementor-post__text\">\n\t\t\t\t<h3 class=\"elementor-post__title\">\n\t\t\t<a href=\"https:\/\/rypsa.com\/en\/formas-de-alambre-manufactura-industrial-rypsa\/\" >\n\t\t\t\tFormas de alambre en la manufactura industrial: versatilidad y precisi\u00f3n en cada componente\t\t\t<\/a>\n\t\t<\/h3>\n\t\t\n\t\t<a class=\"elementor-post__read-more\" href=\"https:\/\/rypsa.com\/en\/formas-de-alambre-manufactura-industrial-rypsa\/\" aria-label=\"Read more about Formas de alambre en la manufactura industrial: versatilidad y precisi\u00f3n en cada componente\" tabindex=\"-1\" >\n\t\t\tRead article \u00bb\t\t<\/a>\n\n\t\t\t\t<\/div>\n\t\t\t\t\t<\/div>\n\t\t<\/article>\n\t\t\t\t<article class=\"elementor-post elementor-grid-item post-3397 post type-post status-publish format-standard hentry category-uncategorized\" role=\"listitem\">\n\t\t\t<div class=\"elementor-post__card\">\n\t\t\t\t<div class=\"elementor-post__text\">\n\t\t\t\t<h3 class=\"elementor-post__title\">\n\t\t\t<a href=\"https:\/\/rypsa.com\/en\/bujes-metalicos-sistemas-automotrices-rypsa\/\" >\n\t\t\t\tBujes met\u00e1licos en sistemas automotrices: funci\u00f3n, tipos y fabricaci\u00f3n de precisi\u00f3n\t\t\t<\/a>\n\t\t<\/h3>\n\t\t\n\t\t<a class=\"elementor-post__read-more\" href=\"https:\/\/rypsa.com\/en\/bujes-metalicos-sistemas-automotrices-rypsa\/\" aria-label=\"Read more about Bujes met\u00e1licos en sistemas automotrices: funci\u00f3n, tipos y fabricaci\u00f3n de precisi\u00f3n\" tabindex=\"-1\" >\n\t\t\tRead article \u00bb\t\t<\/a>\n\n\t\t\t\t<\/div>\n\t\t\t\t\t<\/div>\n\t\t<\/article>\n\t\t\t\t<article class=\"elementor-post elementor-grid-item post-3192 post type-post status-publish format-standard has-post-thumbnail hentry category-uncategorized\" role=\"listitem\">\n\t\t\t<div class=\"elementor-post__card\">\n\t\t\t\t<div class=\"elementor-post__text\">\n\t\t\t\t<h3 class=\"elementor-post__title\">\n\t\t\t<a href=\"https:\/\/rypsa.com\/en\/clips-fasteners-automotrices-ensamble\/\" >\n\t\t\t\tClips y fasteners automotrices: componentes clave en el ensamble de interiores\t\t\t<\/a>\n\t\t<\/h3>\n\t\t\n\t\t<a class=\"elementor-post__read-more\" href=\"https:\/\/rypsa.com\/en\/clips-fasteners-automotrices-ensamble\/\" aria-label=\"Read more about Clips y fasteners automotrices: componentes clave en el ensamble de interiores\" tabindex=\"-1\" >\n\t\t\tRead article \u00bb\t\t<\/a>\n\n\t\t\t\t<\/div>\n\t\t\t\t\t<\/div>\n\t\t<\/article>\n\t\t\t\t<article class=\"elementor-post elementor-grid-item post-3183 post type-post status-publish format-standard hentry category-uncategorized\" role=\"listitem\">\n\t\t\t<div class=\"elementor-post__card\">\n\t\t\t\t<div class=\"elementor-post__text\">\n\t\t\t\t<h3 class=\"elementor-post__title\">\n\t\t\t<a href=\"https:\/\/rypsa.com\/en\/resortes-compresion-sistemas-frenado\/\" >\n\t\t\t\tResortes de compresi\u00f3n en sistemas de frenado automotriz: ingenier\u00eda cr\u00edtica para la seguridad\t\t\t<\/a>\n\t\t<\/h3>\n\t\t\n\t\t<a class=\"elementor-post__read-more\" href=\"https:\/\/rypsa.com\/en\/resortes-compresion-sistemas-frenado\/\" aria-label=\"Read more about Resortes de compresi\u00f3n en sistemas de frenado automotriz: ingenier\u00eda cr\u00edtica para la seguridad\" tabindex=\"-1\" >\n\t\t\tRead article \u00bb\t\t<\/a>\n\n\t\t\t\t<\/div>\n\t\t\t\t\t<\/div>\n\t\t<\/article>\n\t\t\t\t<article class=\"elementor-post elementor-grid-item post-3181 post type-post status-publish format-standard hentry category-uncategorized\" role=\"listitem\">\n\t\t\t<div class=\"elementor-post__card\">\n\t\t\t\t<div class=\"elementor-post__text\">\n\t\t\t\t<h3 class=\"elementor-post__title\">\n\t\t\t<a href=\"https:\/\/rypsa.com\/en\/troquelado-precision-manufactura-metalica\/\" >\n\t\t\t\tTroquelado de precisi\u00f3n: ingenier\u00eda detr\u00e1s de m\u00e1s de 500 millones de piezas met\u00e1licas\t\t\t<\/a>\n\t\t<\/h3>\n\t\t\n\t\t<a class=\"elementor-post__read-more\" href=\"https:\/\/rypsa.com\/en\/troquelado-precision-manufactura-metalica\/\" aria-label=\"Read more about Troquelado de precisi\u00f3n: ingenier\u00eda detr\u00e1s de m\u00e1s de 500 millones de piezas met\u00e1licas\" tabindex=\"-1\" >\n\t\t\tRead article \u00bb\t\t<\/a>\n\n\t\t\t\t<\/div>\n\t\t\t\t\t<\/div>\n\t\t<\/article>\n\t\t\t\t<article class=\"elementor-post elementor-grid-item post-3177 post type-post status-publish format-standard hentry category-rypsa\" role=\"listitem\">\n\t\t\t<div class=\"elementor-post__card\">\n\t\t\t\t<div class=\"elementor-post__text\">\n\t\t\t\t<h3 class=\"elementor-post__title\">\n\t\t\t<a href=\"https:\/\/rypsa.com\/en\/iatf-16949-manufactura-automotriz-rypsa\/\" >\n\t\t\t\tIATF 16949: el est\u00e1ndar de oro en la manufactura automotriz de RYPSA\t\t\t<\/a>\n\t\t<\/h3>\n\t\t\n\t\t<a class=\"elementor-post__read-more\" href=\"https:\/\/rypsa.com\/en\/iatf-16949-manufactura-automotriz-rypsa\/\" aria-label=\"Read more about IATF 16949: el est\u00e1ndar de oro en la manufactura automotriz de RYPSA\" tabindex=\"-1\" >\n\t\t\tRead article \u00bb\t\t<\/a>\n\n\t\t\t\t<\/div>\n\t\t\t\t\t<\/div>\n\t\t<\/article>\n\t\t\t\t<article class=\"elementor-post elementor-grid-item post-385 post type-post status-publish format-standard has-post-thumbnail hentry category-uncategorized\" role=\"listitem\">\n\t\t\t<div class=\"elementor-post__card\">\n\t\t\t\t<div class=\"elementor-post__text\">\n\t\t\t\t<h3 class=\"elementor-post__title\">\n\t\t\t<a href=\"https:\/\/rypsa.com\/en\/servicios-ingenieria-diseno-industrial-rypsa\/\" >\n\t\t\t\tEngineering and Design Services at RYPSA: Technical Innovation for Advanced Industrial Solutions\t\t\t<\/a>\n\t\t<\/h3>\n\t\t\n\t\t<a class=\"elementor-post__read-more\" href=\"https:\/\/rypsa.com\/en\/servicios-ingenieria-diseno-industrial-rypsa\/\" aria-label=\"Read more about Servicios de Ingenier\u00eda y Dise\u00f1o en RYPSA: Innovaci\u00f3n T\u00e9cnica para Soluciones Industriales Avanzadas\" tabindex=\"-1\" >\n\t\t\tRead article \u00bb\t\t<\/a>\n\n\t\t\t\t<\/div>\n\t\t\t\t\t<\/div>\n\t\t<\/article>\n\t\t\t\t<\/div>\n\t\t\n\t\t\t\t\t\t<\/div>\n\t\t\t\t<\/div>\n\t\t\t\t<div class=\"elementor-element elementor-element-0da3810 elementor-widget-divider--view-line elementor-invisible elementor-widget elementor-widget-divider\" data-id=\"0da3810\" data-element_type=\"widget\" data-e-type=\"widget\" data-settings=\"{&quot;_animation&quot;:&quot;fadeInUp&quot;}\" data-widget_type=\"divider.default\">\n\t\t\t\t\t\t\t<div class=\"elementor-divider\">\n\t\t\t<span class=\"elementor-divider-separator\">\n\t\t\t\t\t\t<\/span>\n\t\t<\/div>\n\t\t\t\t\t\t<\/div>\n\t\t\t\t\t<\/div>\n\t\t<\/div>\n\t\t\t\t\t<\/div>\n\t\t<\/section>\n\t\t\t\t<\/div>","protected":false},"excerpt":{"rendered":"<p>Blogs<\/p>","protected":false},"author":2,"featured_media":0,"parent":0,"menu_order":0,"comment_status":"closed","ping_status":"closed","template":"","meta":{"_monsterinsights_skip_tracking":false,"_monsterinsights_sitenote_active":false,"_monsterinsights_sitenote_note":"","_monsterinsights_sitenote_category":0,"two_page_speed":[],"footnotes":""},"class_list":["post-3400","page","type-page","status-publish","hentry"],"yoast_head":"<!-- This site is optimized with the Yoast SEO plugin v27.4 - https:\/\/yoast.com\/product\/yoast-seo-wordpress\/ -->\n<title>blogs - Rypsa<\/title>\n<meta name=\"robots\" content=\"index, follow, max-snippet:-1, max-image-preview:large, max-video-preview:-1\" \/>\n<link rel=\"canonical\" href=\"https:\/\/rypsa.com\/en\/blogs\/\" \/>\n<meta property=\"og:locale\" content=\"en_US\" \/>\n<meta property=\"og:type\" content=\"article\" \/>\n<meta property=\"og:title\" content=\"blogs - Rypsa\" \/>\n<meta property=\"og:description\" content=\"Blogs\" \/>\n<meta property=\"og:url\" content=\"https:\/\/rypsa.com\/en\/blogs\/\" \/>\n<meta property=\"og:site_name\" content=\"Rypsa\" \/>\n<meta property=\"article:modified_time\" content=\"2026-05-08T17:16:08+00:00\" \/>\n<meta name=\"twitter:card\" content=\"summary_large_image\" \/>\n<meta name=\"twitter:label1\" content=\"Est. reading time\" \/>\n\t<meta name=\"twitter:data1\" content=\"1 minute\" \/>\n<script type=\"application\/ld+json\" class=\"yoast-schema-graph\">{\"@context\":\"https:\\\/\\\/schema.org\",\"@graph\":[{\"@type\":\"WebPage\",\"@id\":\"https:\\\/\\\/rypsa.com\\\/blogs\\\/\",\"url\":\"https:\\\/\\\/rypsa.com\\\/blogs\\\/\",\"name\":\"blogs - Rypsa\",\"isPartOf\":{\"@id\":\"https:\\\/\\\/khaki-narwhal-838595.hostingersite.com\\\/#website\"},\"datePublished\":\"2026-05-08T17:14:17+00:00\",\"dateModified\":\"2026-05-08T17:16:08+00:00\",\"breadcrumb\":{\"@id\":\"https:\\\/\\\/rypsa.com\\\/blogs\\\/#breadcrumb\"},\"inLanguage\":\"en-US\",\"potentialAction\":[{\"@type\":\"ReadAction\",\"target\":[\"https:\\\/\\\/rypsa.com\\\/blogs\\\/\"]}]},{\"@type\":\"BreadcrumbList\",\"@id\":\"https:\\\/\\\/rypsa.com\\\/blogs\\\/#breadcrumb\",\"itemListElement\":[{\"@type\":\"ListItem\",\"position\":1,\"name\":\"Home\",\"item\":\"https:\\\/\\\/rypsa.com\\\/\"},{\"@type\":\"ListItem\",\"position\":2,\"name\":\"blogs\"}]},{\"@type\":\"WebSite\",\"@id\":\"https:\\\/\\\/khaki-narwhal-838595.hostingersite.com\\\/#website\",\"url\":\"https:\\\/\\\/khaki-narwhal-838595.hostingersite.com\\\/\",\"name\":\"Rypsa\",\"description\":\"Soluciones en troquelado industrial, fabricaci\u00f3n de troqueles y producci\u00f3n de piezas met\u00e1licas con precisi\u00f3n, tecnolog\u00eda avanzada y calidad certificada. Cotiza tu proyecto con RYPSA.\",\"publisher\":{\"@id\":\"https:\\\/\\\/khaki-narwhal-838595.hostingersite.com\\\/#organization\"},\"potentialAction\":[{\"@type\":\"SearchAction\",\"target\":{\"@type\":\"EntryPoint\",\"urlTemplate\":\"https:\\\/\\\/khaki-narwhal-838595.hostingersite.com\\\/?s={search_term_string}\"},\"query-input\":{\"@type\":\"PropertyValueSpecification\",\"valueRequired\":true,\"valueName\":\"search_term_string\"}}],\"inLanguage\":\"en-US\"},{\"@type\":\"Organization\",\"@id\":\"https:\\\/\\\/khaki-narwhal-838595.hostingersite.com\\\/#organization\",\"name\":\"Rypsa\",\"url\":\"https:\\\/\\\/khaki-narwhal-838595.hostingersite.com\\\/\",\"logo\":{\"@type\":\"ImageObject\",\"inLanguage\":\"en-US\",\"@id\":\"https:\\\/\\\/khaki-narwhal-838595.hostingersite.com\\\/#\\\/schema\\\/logo\\\/image\\\/\",\"url\":\"https:\\\/\\\/rypsa.com\\\/wp-content\\\/uploads\\\/2025\\\/11\\\/logo-RYPSA.png\",\"contentUrl\":\"https:\\\/\\\/rypsa.com\\\/wp-content\\\/uploads\\\/2025\\\/11\\\/logo-RYPSA.png\",\"width\":1000,\"height\":464,\"caption\":\"Rypsa\"},\"image\":{\"@id\":\"https:\\\/\\\/khaki-narwhal-838595.hostingersite.com\\\/#\\\/schema\\\/logo\\\/image\\\/\"}}]}<\/script>\n<!-- \/ Yoast SEO plugin. -->","yoast_head_json":{"title":"blogs - Rypsa","robots":{"index":"index","follow":"follow","max-snippet":"max-snippet:-1","max-image-preview":"max-image-preview:large","max-video-preview":"max-video-preview:-1"},"canonical":"https:\/\/rypsa.com\/en\/blogs\/","og_locale":"en_US","og_type":"article","og_title":"blogs - Rypsa","og_description":"Blogs","og_url":"https:\/\/rypsa.com\/en\/blogs\/","og_site_name":"Rypsa","article_modified_time":"2026-05-08T17:16:08+00:00","twitter_card":"summary_large_image","twitter_misc":{"Est. reading time":"1 minute"},"schema":{"@context":"https:\/\/schema.org","@graph":[{"@type":"WebPage","@id":"https:\/\/rypsa.com\/blogs\/","url":"https:\/\/rypsa.com\/blogs\/","name":"blogs - Rypsa","isPartOf":{"@id":"https:\/\/khaki-narwhal-838595.hostingersite.com\/#website"},"datePublished":"2026-05-08T17:14:17+00:00","dateModified":"2026-05-08T17:16:08+00:00","breadcrumb":{"@id":"https:\/\/rypsa.com\/blogs\/#breadcrumb"},"inLanguage":"en-US","potentialAction":[{"@type":"ReadAction","target":["https:\/\/rypsa.com\/blogs\/"]}]},{"@type":"BreadcrumbList","@id":"https:\/\/rypsa.com\/blogs\/#breadcrumb","itemListElement":[{"@type":"ListItem","position":1,"name":"Home","item":"https:\/\/rypsa.com\/"},{"@type":"ListItem","position":2,"name":"blogs"}]},{"@type":"WebSite","@id":"https:\/\/khaki-narwhal-838595.hostingersite.com\/#website","url":"https:\/\/khaki-narwhal-838595.hostingersite.com\/","name":"Rypsa","description":"Soluciones en troquelado industrial, fabricaci\u00f3n de troqueles y producci\u00f3n de piezas met\u00e1licas con precisi\u00f3n, tecnolog\u00eda avanzada y calidad certificada. Cotiza tu proyecto con RYPSA.","publisher":{"@id":"https:\/\/khaki-narwhal-838595.hostingersite.com\/#organization"},"potentialAction":[{"@type":"SearchAction","target":{"@type":"EntryPoint","urlTemplate":"https:\/\/khaki-narwhal-838595.hostingersite.com\/?s={search_term_string}"},"query-input":{"@type":"PropertyValueSpecification","valueRequired":true,"valueName":"search_term_string"}}],"inLanguage":"en-US"},{"@type":"Organization","@id":"https:\/\/khaki-narwhal-838595.hostingersite.com\/#organization","name":"Rypsa","url":"https:\/\/khaki-narwhal-838595.hostingersite.com\/","logo":{"@type":"ImageObject","inLanguage":"en-US","@id":"https:\/\/khaki-narwhal-838595.hostingersite.com\/#\/schema\/logo\/image\/","url":"https:\/\/rypsa.com\/wp-content\/uploads\/2025\/11\/logo-RYPSA.png","contentUrl":"https:\/\/rypsa.com\/wp-content\/uploads\/2025\/11\/logo-RYPSA.png","width":1000,"height":464,"caption":"Rypsa"},"image":{"@id":"https:\/\/khaki-narwhal-838595.hostingersite.com\/#\/schema\/logo\/image\/"}}]}},"_links":{"self":[{"href":"https:\/\/rypsa.com\/en\/wp-json\/wp\/v2\/pages\/3400","targetHints":{"allow":["GET"]}}],"collection":[{"href":"https:\/\/rypsa.com\/en\/wp-json\/wp\/v2\/pages"}],"about":[{"href":"https:\/\/rypsa.com\/en\/wp-json\/wp\/v2\/types\/page"}],"author":[{"embeddable":true,"href":"https:\/\/rypsa.com\/en\/wp-json\/wp\/v2\/users\/2"}],"replies":[{"embeddable":true,"href":"https:\/\/rypsa.com\/en\/wp-json\/wp\/v2\/comments?post=3400"}],"version-history":[{"count":7,"href":"https:\/\/rypsa.com\/en\/wp-json\/wp\/v2\/pages\/3400\/revisions"}],"predecessor-version":[{"id":3408,"href":"https:\/\/rypsa.com\/en\/wp-json\/wp\/v2\/pages\/3400\/revisions\/3408"}],"wp:attachment":[{"href":"https:\/\/rypsa.com\/en\/wp-json\/wp\/v2\/media?parent=3400"}],"curies":[{"name":"wp","href":"https:\/\/api.w.org\/{rel}","templated":true}]}}